{"id":104382,"date":"2022-04-23T11:53:20","date_gmt":"2022-04-23T09:53:20","guid":{"rendered":"https:\/\/ilcasaledenari.it\/privacy-policy\/"},"modified":"2023-07-14T12:03:55","modified_gmt":"2023-07-14T10:03:55","slug":"privacy-policy","status":"publish","type":"page","link":"https:\/\/www.ilcasaledenari.it\/en\/privacy-policy\/","title":{"rendered":"Privacy policy"},"content":{"rendered":"<div class=\"wpb-content-wrapper\"><p>[vc_row][vc_column column_width_percent=&#8221;100&#8243; gutter_size=&#8221;3&#8243; overlay_alpha=&#8221;50&#8243; shift_x=&#8221;0&#8243; shift_y=&#8221;0&#8243; shift_y_down=&#8221;0&#8243; z_index=&#8221;0&#8243; medium_width=&#8221;0&#8243; mobile_width=&#8221;0&#8243; width=&#8221;1\/1&#8243; uncode_shortcode_id=&#8221;606202&#8243;][vc_custom_heading auto_text=&#8221;yes&#8221; heading_semantic=&#8221;h1&#8243; text_font=&#8221;font-136269&#8243; text_size=&#8221;h3&#8243; text_weight=&#8221;400&#8243; uncode_shortcode_id=&#8221;122331&#8243;]Il Casale Denari[\/vc_custom_heading][vc_column_text uncode_shortcode_id=&#8221;186895&#8243;]Privacy Policy<br \/>\nINFORMATIVA\u00a0AI SENSI DEGLI ARTT.\u00a013 E 14 DEL REGOLAMENTO EUROPEO GDPR \u2013 UE N. 679\/16<br \/>\ne anche<br \/>\nINFORMATIVA AI SENSI DELL\u2019ART. 13 DEL D.LGS. N. 196\/03<\/p>\n<p>In ottemperanza degli artt. 13 e 14 del Regolamento Europeo in Materia di Protezione dei Dati Personali, in acronimo GDPR (rif. UE n. 679\/16) e nel contempo anche<br \/>\na transizione normativa ai sensi dell\u2019art. 13 al D.Lgs. 30 giugno 2003 n. 196 (Codice Privacy).<\/p>\n<p>Az.Agr. Il Casale Denari di Azzurra Scerni, in qualit\u00e0 di Autonomo Titolare di Dati Personali, rilascia la presente Informativa relativamente al trattamento dei dati personali acquisiti tramite la consultazione del proprio sito web. L\u2019informativa \u00e8 da considerarsi valida solo per questo sito web e non anche per altri siti web eventualmente consultati dall\u2019utente tramite link. Il Titolare non \u00e8 da considerarsi in alcun modo responsabile di siti web terzi.<\/p>\n<p>TITOLARE DEL TRATTAMENTO<br \/>\nTitolare del trattamento \u00e8\u00a0Az.Agr. Il Casale Denari di Azzurra Scerni Frazione Il Casale Denari, 1 \u2013 27047 Santa Maria della Versa Pavia \u2013 ITALIA<\/p>\n<p>LUOGO DEL TRATTAMENTO<br \/>\nI trattamenti connessi ai servizi web di questo sito hanno luogo presso la sede del Titolare e sono curati solo dal personale incaricato del trattamento e dal fornitore preposto ai servizi Internet e di hosting\/housing di questo sito. Inoltre tali trattamenti sono curati esclusivamente da personale tecnico dell\u2019Ufficio incaricato al trattamento, oppure da eventuali incaricati per operazioni di manutenzione occasionale sotto lo stretto controllo del Titolare.<\/p>\n<p>TIPOLOGIA DI DATI TRATTATI<br \/>\nDati di navigazione<br \/>\nI sistemi informatici e il software preposto al funzionamento di questo sito web acquisiscono, nel corso del loro normale esercizio, alcuni dati personali la cui trasmissione \u00e8 implicita nell\u2019uso dei protocolli di comunicazione Internet. Si tratta di informazioni che non sono raccolte per essere associate a interessati identificati, ma che per loro stessa natura potrebbero, attraverso elaborazioni e associazioni con dati detenuti da terzi, permettere di identificare gli utenti. In questa categoria di dati rientrano gli indirizzi IP o i Nomi a Dominio (DNS) dei computer utilizzati dagli utenti che si connettono al sito web, gli indirizzi in notazione URI (Uniform Resource Identifier) delle risorse richieste, l\u2019orario della richiesta, il metodo utilizzato nel sottoporre la richiesta al server, la dimensione del file ottenuto in risposta, il codice numerico indicante lo stato della risposta data dal server(buon fine, errore, ecc.) e altri parametri relativi al sistema operativo e all\u2019ambiente informatico dell\u2019utente. Questi dati vengono utilizzati al solo fine di ricavare informazioni statistiche anonime sull\u2019uso del sito e per controllarne il corretto funzionamento e vengono cancellati immediatamente dopo l\u2019elaborazione. I dati potrebbero essere utilizzati per l\u2019accertamento di responsabilit\u00e0 in caso di ipotetici reati informatici ai danni del sito web; salva questa eventualit\u00e0, allo stato i dati sui contatti web non persistono per pi\u00f9 di sette giorni.<br \/>\nCookie<br \/>\nSi rimanda al paragrafo \u201cInformativa estesa sull\u2019utilizzo dei\u00a0Cookie\u00a0(Cookie Policy)\u201d, riportato in questa informativa.<\/p>\n<p>Dati forniti volontariamente dall\u2019utente<br \/>\nL\u2019invio facoltativo, esplicito e volontario di posta elettronica agli indirizzi indicati su questo sito web, e la presenza di moduli inserimento dati (form web) e\/o dei moduli di iscrizione a newsletter presenti nel sito web, comporta la successiva acquisizione dell\u2019indirizzo del mittente, necessario per rispondere alle richieste, nonch\u00e9 degli eventuali altri dati personali. Specifiche informative di sintesi sono riportate o visualizzate nelle pagine del sito web predisposte per la raccolta dati (form web).<\/p>\n<p>FINALIT\u00c0 DEL TRATTAMENTO<br \/>\nI dati di natura personale volontariamente forniti dall\u2019utente saranno oggetto di trattamento, fino a sua opposizione, per le seguenti finalit\u00e0:<br \/>\n\u2022 navigazione sul presente sito\u00a0internet;<br \/>\n\u2022 eventuale richiesta di contatto, con invio delle informazioni\u00a0richieste;<br \/>\n\u2022 fornitura dei prodotti e servizi ordinati e adempimento degli obblighi\u00a0contrattuali;<br \/>\n\u2022 assolvimento degli obblighi previsti da leggi e\u00a0regolamenti;<br \/>\n\u2022 tenuta della contabilit\u00e0, fatturazione, gestione del credito e attivit\u00e0 amministrativo contabili in genere. Ai fini dell\u2019applicazione delle disposizioni in materia di protezione dei dati personali, i trattamenti effettuati per finalit\u00e0 amministrativo contabili sono quelli connessi allo svolgimento delle attivit\u00e0 di natura organizzativa, amministrativa, finanziaria e contabile, a prescindere dalla natura dei dati trattati. In particolare, perseguono tali finalit\u00e0 le attivit\u00e0 organizzative interne, quelle funzionali all\u2019adempimento di obblighi contrattuali e precontrattuali, l\u2019attivit\u00e0 informativa;<br \/>\n\u2022 invio di newsletter e comunicazioni periodiche via e-mail, quando l\u2019utente ne ha fatto specifica richiesta attraverso l\u2019apposito modulo online (form\u00a0web);<br \/>\n\u2022 tutte le attivit\u00e0 aziendali in genere attinenti al rapporto in essere.<\/p>\n<p>MODALIT\u00c0 DEL TRATTAMENTO<br \/>\nI dati personali sono trattati con strumenti automatizzati per il tempo strettamente necessario a conseguire gli scopi per cui sono stati raccolti. Specifiche misure di sicurezza sono osservate per prevenire la perdita dei dati, usi illeciti o non corretti e accessi non autorizzati.<\/p>\n<p>AMBITO DI COMUNICAZIONE E DIFFUSIONE<br \/>\nI dati oggetto del trattamento non saranno diffusi, venduti o scambiati con soggetti terzi senza il consenso espresso dall\u2019interessato.\u00a0L\u2019ambito\u00a0di comunicazione dei dati \u00e8 limitato esclusivamente ai soggetti competenti per l\u2019adempimento delle operazioni contrattuali e l\u2019osservanza di obblighi di legge. Essi pertanto potranno essere comunicati a terzi appartenenti alle seguenti\u00a0categorie:<br \/>\n\u2022 soggetti che forniscono servizi per la gestione del sistema\u00a0informativo;<br \/>\n\u2022 studi o societ\u00e0 nell\u2019ambito di rapporti di assistenza e\u00a0consulenza;<br \/>\n\u2022 Amministrazioni, Enti pubblici e Autorit\u00e0 competenti, per adempimenti di obblighi di leggi e\/o di disposizioni di organi\u00a0pubblici;<br \/>\n\u2022 societ\u00e0\u00a0del\u00a0Gruppo\u00a0e\/o\u00a0della\u00a0rete\u00a0di\u00a0imprese\u00a0o\u00a0soggetti\u00a0privati\u00a0direttamente\u00a0coinvolti\u00a0nell\u2019adempimento della prestazione o legittimati a conoscere i dati in base alla\u00a0legge.<br \/>\nIn\u00a0ogni\u00a0caso,\u00a0ai\u00a0soggetti\u00a0citati\u00a0saranno\u00a0comunicati\u00a0solo\u00a0i\u00a0dati\u00a0necessari\u00a0e\u00a0pertinenti\u00a0rispetto\u00a0alle\u00a0finalit\u00e0 del trattamento cui sono\u00a0preposti.<\/p>\n<p>FACOLTATIVIT\u00c0 DEL CONFERIMENTO<br \/>\nA parte quanto specificato per i dati di navigazione, l\u2019utente \u00e8 libero di fornire i dati personali riportati nei moduli presenti sul sito web (form web) o per sollecitare l\u2019invio di newsletter, materiale informativo, offerte commerciali o altre comunicazioni. Il loro mancato conferimento pu\u00f2 comportare l\u2019impossibilit\u00e0 di ottenere quanto richiesto.<\/p>\n<p>TRASFERIMENTO DEI DATI IN PAESI EXTRA-UE<br \/>\nNon \u00e8 previsto alcun trasferimento dei dati personali raccolti in paesi Extra-Ue.<\/p>\n<p>PERIODO DI\u00a0CONSERVAZIONE\u00a0DEI\u00a0DATI\u00a0RACCOLTI<br \/>\nI dati personali raccolti per le finalit\u00e0 sopra esposte saranno conservati presso la nostra societ\u00e0 per il tempo necessario previsto per le attivit\u00e0 afferenti (o definite nelle pagine web di raccolta dati \u2013 form web);dopodich\u00e9 saranno distrutti (diritto all\u2019oblio) o, se necessario, resi in forma anonima (pseudonimizzazione) per finalit\u00e0 statistiche o di storicizzazione. Per\u00a0i\u00a0dati\u00a0personali\u00a0raccolti\u00a0per\u00a0finalit\u00e0\u00a0amministrative\u00a0e\u00a0contabili,\u00a0il\u00a0periodo\u00a0di\u00a0tenuta\u00a0dei\u00a0dati\u00a0rispetta gli obblighi di legge relativi, al termine dei quali, i dati saranno distrutti (diritto all\u2019oblio) o, se necessario, resi in forma anonima (pseudonimizzazione) per finalit\u00e0 statistiche o di\u00a0storicizzazione.<\/p>\n<p>REVOCA DEL CONSENSO<br \/>\nI\u00a0consensi\u00a0espressi\u00a0nelle\u00a0varie\u00a0form\u00a0web\u00a0di\u00a0raccolta\u00a0dei\u00a0dati\u00a0personali\u00a0possono\u00a0sempre\u00a0essere\u00a0revocati ai sensi dell\u2019art. 7 p.3 e ai sensi dell\u2019art. 17 p.1 lett. b). La revoca potr\u00e0 avvenire scrivendo alla nostra Titolarit\u00e0, tramite i riferimenti riportati al paragrafo\u00a0successivo.<\/p>\n<p>DIRITTI DEGLI INTERESSATI<br \/>\nIn relazione ai predetti trattamenti potranno essere esercitati i diritti di cui agli artt. 15, 16, 17, 18 e 19 del GDPR UE n. 679\/16 (diritti di accesso, rettifica, cancellazione, limitazione del trattamento e notifica in casi di Rettifica\/Cancellazione\/Limitazione da parte del Titolare del trattamento).<br \/>\nIn relazione ai predetti trattamenti potranno essere esercitati i diritti di cui all\u2019articolo 7 D.Lgs. 196\/2003, nei limiti ed alle condizioni previste dagli artt. 8, 9 e 10 del citato decreto legislativo. I diritti di cui sopra possono esser fatti valere scrivendo all\u2019indirizzo e-mail\u00a0info@ilcasaledenari.it\u00a0o diretta- mente al Titolare o al Responsabile del Trattamento al seguente indirizzo:\u00a0Az.Agr. Il Casale Denari di Azzurra Scerni Frazione Il Casale Denari, 1 \u2013 27047 Santa Maria della Versa Pavia \u2013 ITALI<\/p>\n<p>MODIFICHE<br \/>\nIl Titolare si riserva il diritto di modificare, aggiornare, aggiungere o rimuovere parti della presente informativa a propria discrezione e in qualsiasi momento. Le persone interessate sono tenute a verificare periodicamente le eventuali modifiche. Al fine di facilitare tale verifica, l\u2019informativa contiene l\u2019indicazione della data di aggiornamento.<br \/>\nL\u2019utilizzo del sito dopo la pubblicazione delle modifiche costituir\u00e0 accettazione delle stesse. Data di aggiornamento: 3 maggio 2018<\/p>\n<p>[\/vc_column_text][\/vc_column][\/vc_row]<\/p>\n<\/div>","protected":false},"excerpt":{"rendered":"<p>[vc_row][vc_column column_width_percent=&#8221;100&#8243; gutter_size=&#8221;3&#8243; overlay_alpha=&#8221;50&#8243; shift_x=&#8221;0&#8243; shift_y=&#8221;0&#8243; shift_y_down=&#8221;0&#8243; z_index=&#8221;0&#8243; medium_width=&#8221;0&#8243; mobile_width=&#8221;0&#8243; width=&#8221;1\/1&#8243; uncode_shortcode_id=&#8221;606202&#8243;][vc_custom_heading auto_text=&#8221;yes&#8221; heading_semantic=&#8221;h1&#8243; text_font=&#8221;font-136269&#8243; text_size=&#8221;h3&#8243; text_weight=&#8221;400&#8243; uncode_shortcode_id=&#8221;122331&#8243;]Il Casale Denari[\/vc_custom_heading][vc_column_text [&hellip;]<\/p>\n","protected":false},"author":1,"featured_media":0,"parent":0,"menu_order":0,"comment_status":"closed","ping_status":"closed","template":"","meta":{"footnotes":""},"class_list":["post-104382","page","type-page","status-publish","hentry"],"yoast_head":"<!-- This site is optimized with the Yoast SEO plugin v27.5 - https:\/\/yoast.com\/product\/yoast-seo-wordpress\/ -->\n<title>Privacy policy - Il Casale Denari<\/title>\n<meta name=\"description\" content=\"Il Casale DenariPrivacy Policy INFORMATIVA\u00a0AI SENSI DEGLI ARTT.\u00a013 E 14 DEL REGOLAMENTO EUROPEO GDPR \u2013 UE N. 679\/16 e anche INFORMATIVA AI SENSI DELL\u2019ART.\" \/>\n<meta name=\"robots\" content=\"index, follow, max-snippet:-1, max-image-preview:large, max-video-preview:-1\" \/>\n<link rel=\"canonical\" href=\"https:\/\/www.ilcasaledenari.it\/en\/privacy-policy\/\" \/>\n<meta property=\"og:locale\" content=\"en_US\" \/>\n<meta property=\"og:type\" content=\"article\" \/>\n<meta property=\"og:title\" content=\"Privacy policy - Il Casale Denari\" \/>\n<meta property=\"og:description\" content=\"Il Casale DenariPrivacy Policy INFORMATIVA\u00a0AI SENSI DEGLI ARTT.\u00a013 E 14 DEL REGOLAMENTO EUROPEO GDPR \u2013 UE N. 679\/16 e anche INFORMATIVA AI SENSI DELL\u2019ART.\" \/>\n<meta property=\"og:url\" content=\"https:\/\/www.ilcasaledenari.it\/en\/privacy-policy\/\" \/>\n<meta property=\"og:site_name\" content=\"Il Casale Denari\" \/>\n<meta property=\"article:publisher\" content=\"https:\/\/www.facebook.com\/ilcasaleflowerfarm\/\" \/>\n<meta property=\"article:modified_time\" content=\"2023-07-14T10:03:55+00:00\" \/>\n<meta name=\"twitter:card\" content=\"summary_large_image\" \/>\n<meta name=\"twitter:label1\" content=\"Est. reading time\" \/>\n\t<meta name=\"twitter:data1\" content=\"8 minutes\" \/>\n<script type=\"application\/ld+json\" class=\"yoast-schema-graph\">{\"@context\":\"https:\\\/\\\/schema.org\",\"@graph\":[{\"@type\":\"WebPage\",\"@id\":\"https:\\\/\\\/www.ilcasaledenari.it\\\/en\\\/privacy-policy\\\/\",\"url\":\"https:\\\/\\\/www.ilcasaledenari.it\\\/en\\\/privacy-policy\\\/\",\"name\":\"Privacy policy - Il Casale Denari\",\"isPartOf\":{\"@id\":\"https:\\\/\\\/www.ilcasaledenari.it\\\/en\\\/#website\"},\"datePublished\":\"2022-04-23T09:53:20+00:00\",\"dateModified\":\"2023-07-14T10:03:55+00:00\",\"description\":\"Il Casale DenariPrivacy Policy INFORMATIVA\u00a0AI SENSI DEGLI ARTT.\u00a013 E 14 DEL REGOLAMENTO EUROPEO GDPR \u2013 UE N. 679\\\/16 e anche INFORMATIVA AI SENSI DELL\u2019ART.\",\"breadcrumb\":{\"@id\":\"https:\\\/\\\/www.ilcasaledenari.it\\\/en\\\/privacy-policy\\\/#breadcrumb\"},\"inLanguage\":\"en-US\",\"potentialAction\":[{\"@type\":\"ReadAction\",\"target\":[\"https:\\\/\\\/www.ilcasaledenari.it\\\/en\\\/privacy-policy\\\/\"]}]},{\"@type\":\"BreadcrumbList\",\"@id\":\"https:\\\/\\\/www.ilcasaledenari.it\\\/en\\\/privacy-policy\\\/#breadcrumb\",\"itemListElement\":[{\"@type\":\"ListItem\",\"position\":1,\"name\":\"Home\",\"item\":\"https:\\\/\\\/www.ilcasaledenari.it\\\/en\\\/\"},{\"@type\":\"ListItem\",\"position\":2,\"name\":\"Privacy policy\"}]},{\"@type\":\"WebSite\",\"@id\":\"https:\\\/\\\/www.ilcasaledenari.it\\\/en\\\/#website\",\"url\":\"https:\\\/\\\/www.ilcasaledenari.it\\\/en\\\/\",\"name\":\"Il Casale Denari\",\"description\":\"Il primo Flower Resort in Italia\",\"publisher\":{\"@id\":\"https:\\\/\\\/www.ilcasaledenari.it\\\/en\\\/#organization\"},\"potentialAction\":[{\"@type\":\"SearchAction\",\"target\":{\"@type\":\"EntryPoint\",\"urlTemplate\":\"https:\\\/\\\/www.ilcasaledenari.it\\\/en\\\/?s={search_term_string}\"},\"query-input\":{\"@type\":\"PropertyValueSpecification\",\"valueRequired\":true,\"valueName\":\"search_term_string\"}}],\"inLanguage\":\"en-US\"},{\"@type\":\"Organization\",\"@id\":\"https:\\\/\\\/www.ilcasaledenari.it\\\/en\\\/#organization\",\"name\":\"Il Casale Denari\",\"url\":\"https:\\\/\\\/www.ilcasaledenari.it\\\/en\\\/\",\"logo\":{\"@type\":\"ImageObject\",\"inLanguage\":\"en-US\",\"@id\":\"https:\\\/\\\/www.ilcasaledenari.it\\\/en\\\/#\\\/schema\\\/logo\\\/image\\\/\",\"url\":\"https:\\\/\\\/www.ilcasaledenari.it\\\/wp-content\\\/uploads\\\/2022\\\/02\\\/CasaleDenari-verde.png\",\"contentUrl\":\"https:\\\/\\\/www.ilcasaledenari.it\\\/wp-content\\\/uploads\\\/2022\\\/02\\\/CasaleDenari-verde.png\",\"width\":1801,\"height\":1142,\"caption\":\"Il Casale Denari\"},\"image\":{\"@id\":\"https:\\\/\\\/www.ilcasaledenari.it\\\/en\\\/#\\\/schema\\\/logo\\\/image\\\/\"},\"sameAs\":[\"https:\\\/\\\/www.facebook.com\\\/ilcasaleflowerfarm\\\/\",\"https:\\\/\\\/www.instagram.com\\\/il_casale_flower_farm\\\/\"]}]}<\/script>\n<!-- \/ Yoast SEO plugin. -->","yoast_head_json":{"title":"Privacy policy - Il Casale Denari","description":"Il Casale DenariPrivacy Policy INFORMATIVA\u00a0AI SENSI DEGLI ARTT.\u00a013 E 14 DEL REGOLAMENTO EUROPEO GDPR \u2013 UE N. 679\/16 e anche INFORMATIVA AI SENSI DELL\u2019ART.","robots":{"index":"index","follow":"follow","max-snippet":"max-snippet:-1","max-image-preview":"max-image-preview:large","max-video-preview":"max-video-preview:-1"},"canonical":"https:\/\/www.ilcasaledenari.it\/en\/privacy-policy\/","og_locale":"en_US","og_type":"article","og_title":"Privacy policy - Il Casale Denari","og_description":"Il Casale DenariPrivacy Policy INFORMATIVA\u00a0AI SENSI DEGLI ARTT.\u00a013 E 14 DEL REGOLAMENTO EUROPEO GDPR \u2013 UE N. 679\/16 e anche INFORMATIVA AI SENSI DELL\u2019ART.","og_url":"https:\/\/www.ilcasaledenari.it\/en\/privacy-policy\/","og_site_name":"Il Casale Denari","article_publisher":"https:\/\/www.facebook.com\/ilcasaleflowerfarm\/","article_modified_time":"2023-07-14T10:03:55+00:00","twitter_card":"summary_large_image","twitter_misc":{"Est. reading time":"8 minutes"},"schema":{"@context":"https:\/\/schema.org","@graph":[{"@type":"WebPage","@id":"https:\/\/www.ilcasaledenari.it\/en\/privacy-policy\/","url":"https:\/\/www.ilcasaledenari.it\/en\/privacy-policy\/","name":"Privacy policy - Il Casale Denari","isPartOf":{"@id":"https:\/\/www.ilcasaledenari.it\/en\/#website"},"datePublished":"2022-04-23T09:53:20+00:00","dateModified":"2023-07-14T10:03:55+00:00","description":"Il Casale DenariPrivacy Policy INFORMATIVA\u00a0AI SENSI DEGLI ARTT.\u00a013 E 14 DEL REGOLAMENTO EUROPEO GDPR \u2013 UE N. 679\/16 e anche INFORMATIVA AI SENSI DELL\u2019ART.","breadcrumb":{"@id":"https:\/\/www.ilcasaledenari.it\/en\/privacy-policy\/#breadcrumb"},"inLanguage":"en-US","potentialAction":[{"@type":"ReadAction","target":["https:\/\/www.ilcasaledenari.it\/en\/privacy-policy\/"]}]},{"@type":"BreadcrumbList","@id":"https:\/\/www.ilcasaledenari.it\/en\/privacy-policy\/#breadcrumb","itemListElement":[{"@type":"ListItem","position":1,"name":"Home","item":"https:\/\/www.ilcasaledenari.it\/en\/"},{"@type":"ListItem","position":2,"name":"Privacy policy"}]},{"@type":"WebSite","@id":"https:\/\/www.ilcasaledenari.it\/en\/#website","url":"https:\/\/www.ilcasaledenari.it\/en\/","name":"Il Casale Denari","description":"Il primo Flower Resort in Italia","publisher":{"@id":"https:\/\/www.ilcasaledenari.it\/en\/#organization"},"potentialAction":[{"@type":"SearchAction","target":{"@type":"EntryPoint","urlTemplate":"https:\/\/www.ilcasaledenari.it\/en\/?s={search_term_string}"},"query-input":{"@type":"PropertyValueSpecification","valueRequired":true,"valueName":"search_term_string"}}],"inLanguage":"en-US"},{"@type":"Organization","@id":"https:\/\/www.ilcasaledenari.it\/en\/#organization","name":"Il Casale Denari","url":"https:\/\/www.ilcasaledenari.it\/en\/","logo":{"@type":"ImageObject","inLanguage":"en-US","@id":"https:\/\/www.ilcasaledenari.it\/en\/#\/schema\/logo\/image\/","url":"https:\/\/www.ilcasaledenari.it\/wp-content\/uploads\/2022\/02\/CasaleDenari-verde.png","contentUrl":"https:\/\/www.ilcasaledenari.it\/wp-content\/uploads\/2022\/02\/CasaleDenari-verde.png","width":1801,"height":1142,"caption":"Il Casale Denari"},"image":{"@id":"https:\/\/www.ilcasaledenari.it\/en\/#\/schema\/logo\/image\/"},"sameAs":["https:\/\/www.facebook.com\/ilcasaleflowerfarm\/","https:\/\/www.instagram.com\/il_casale_flower_farm\/"]}]}},"_links":{"self":[{"href":"https:\/\/www.ilcasaledenari.it\/en\/wp-json\/wp\/v2\/pages\/104382","targetHints":{"allow":["GET"]}}],"collection":[{"href":"https:\/\/www.ilcasaledenari.it\/en\/wp-json\/wp\/v2\/pages"}],"about":[{"href":"https:\/\/www.ilcasaledenari.it\/en\/wp-json\/wp\/v2\/types\/page"}],"author":[{"embeddable":true,"href":"https:\/\/www.ilcasaledenari.it\/en\/wp-json\/wp\/v2\/users\/1"}],"replies":[{"embeddable":true,"href":"https:\/\/www.ilcasaledenari.it\/en\/wp-json\/wp\/v2\/comments?post=104382"}],"version-history":[{"count":1,"href":"https:\/\/www.ilcasaledenari.it\/en\/wp-json\/wp\/v2\/pages\/104382\/revisions"}],"predecessor-version":[{"id":104383,"href":"https:\/\/www.ilcasaledenari.it\/en\/wp-json\/wp\/v2\/pages\/104382\/revisions\/104383"}],"wp:attachment":[{"href":"https:\/\/www.ilcasaledenari.it\/en\/wp-json\/wp\/v2\/media?parent=104382"}],"curies":[{"name":"wp","href":"https:\/\/api.w.org\/{rel}","templated":true}]}}